{"id":1143,"date":"2018-11-09T08:53:52","date_gmt":"2018-11-09T08:53:52","guid":{"rendered":"https:\/\/www.tabicor.com\/?page_id=1143"},"modified":"2019-07-30T09:00:33","modified_gmt":"2019-07-30T09:00:33","slug":"aviso-legal","status":"publish","type":"page","link":"https:\/\/www.tabicor.com\/ca\/aviso-legal\/","title":{"rendered":"Av\u00eds legal"},"content":{"rendered":"<div data-elementor-type=\"wp-post\" data-elementor-id=\"1143\" class=\"elementor elementor-1143\" data-elementor-post-type=\"page\">\n\t\t\t\t\t\t<section class=\"elementor-section elementor-top-section elementor-element elementor-element-31639f4c elementor-section-full_width elementor-section-height-default elementor-section-height-default\" data-id=\"31639f4c\" data-element_type=\"section\" data-settings=\"{&quot;background_background&quot;:&quot;classic&quot;}\">\n\t\t\t\t\t\t<div class=\"elementor-container elementor-column-gap-default\">\n\t\t\t\t\t<div class=\"elementor-column elementor-col-100 elementor-top-column elementor-element elementor-element-5019ca9e\" data-id=\"5019ca9e\" data-element_type=\"column\" data-settings=\"{&quot;background_background&quot;:&quot;classic&quot;}\">\n\t\t\t<div class=\"elementor-widget-wrap elementor-element-populated\">\n\t\t\t\t\t<div class=\"elementor-background-overlay\"><\/div>\n\t\t\t\t\t\t<div class=\"elementor-element elementor-element-78ee096f elementor-widget elementor-widget-heading\" data-id=\"78ee096f\" data-element_type=\"widget\" data-widget_type=\"heading.default\">\n\t\t\t\t<div class=\"elementor-widget-container\">\n\t\t\t\t\t<h1 class=\"elementor-heading-title elementor-size-default\">Av\u00eds legal<\/h1>\t\t\t\t<\/div>\n\t\t\t\t<\/div>\n\t\t\t\t\t<\/div>\n\t\t<\/div>\n\t\t\t\t\t<\/div>\n\t\t<\/section>\n\t\t\t\t<section class=\"elementor-section elementor-top-section elementor-element elementor-element-5d9108b1 elementor-section-boxed elementor-section-height-default elementor-section-height-default\" data-id=\"5d9108b1\" data-element_type=\"section\">\n\t\t\t\t\t\t<div class=\"elementor-container elementor-column-gap-default\">\n\t\t\t\t\t<div class=\"elementor-column elementor-col-100 elementor-top-column elementor-element elementor-element-772c076b\" data-id=\"772c076b\" data-element_type=\"column\">\n\t\t\t<div class=\"elementor-widget-wrap elementor-element-populated\">\n\t\t\t\t\t\t<div class=\"elementor-element elementor-element-7fb813b2 elementor-widget elementor-widget-text-editor\" data-id=\"7fb813b2\" data-element_type=\"widget\" data-widget_type=\"text-editor.default\">\n\t\t\t\t<div class=\"elementor-widget-container\">\n\t\t\t\t\t\t\t\t\t<p>En compliment de la Llei 34\/2002, de 11 de juliol, de Serveis de la Societat de la Informaci\u00f3 i de Comer\u00e7 Electr\u00f2nic, Tabicor, SA posa a disposici\u00f3 dels usuaris i dels \u00f2rgans competents la seg\u00fcent informaci\u00f3:<\/p><p><strong>DADES IDENTIFICATIVES.<\/strong><\/p><p>Denominaci\u00f3 Social: Tabicor, SA CIF A58519273<\/p><p>Seu Social: Eduard Marquina, 4 Local 08225 Terrassa<\/p><p>Web: <a href=\"https:\/\/www.tabicor.com\/ca\/\">www.tabicor.com<\/a>\u00a0Correu electr\u00f2nic: <a href=\"mailto:tabicor@tabicor.com\">tabicor@tabicor.com<\/a><\/p><p><span class=\"m_-8803229092230258006Apple-style-span\">Registre Mercantil. Barcelona Tom 9782 Llibre 8926 Secci\u00f3 2\u00aa\u00a0<\/span><span class=\"m_-8803229092230258006Apple-style-span\">Foli: 190 Full 117.995<\/span><\/p><p><strong>PROTECCI\u00d3 DE DADES.\u00a0<\/strong><\/p><p>abicor compleix amb les directrius de la Llei Org\u00e0nica 15\/1999 de 13 de desembre de Protecci\u00f3 de Dades de Car\u00e0cter Personal, el Reial Decret 1720\/2007 de 21 de desembre, pel qual s'aprova el Reglament de desenvolupament de la Llei Org\u00e0nica i altra normativa vigent en cada moment, i vetlla per garantir un correcte \u00fas i tractament de les dades personals de l'usuari. Per a aix\u00f2, al costat de cada formulari de recapto de dades de car\u00e0cter personal, en els serveis que l'usuari pugui sol\u00b7licitar a Tabicor, de fer saber a l'usuari de l'exist\u00e8ncia i acceptaci\u00f3 de les condicions particulars del tractament de les seves dades en cada cas, informant-li de la responsabilitat del fitxer creat, la direcci\u00f3 del responsable, la possibilitat d'exercir els seus drets d'acc\u00e9s, rectificaci\u00f3, cancel\u00b7laci\u00f3 o oposici\u00f3, la finalitat del tractament i les comunicacions de dades a tercers si \u00e9s el cas. Aix\u00ed mateix, Tabicor informa que d\u00f3na compliment a la Llei 34\/2002 de 11 de juliol, de Serveis de la Societat de la Informaci\u00f3 i el Comer\u00e7 Electr\u00f2nic i li sol\u00b7licitar\u00e0 el seu consentiment al tractament del seu correu electr\u00f2nic amb fins comercials en cada moment.<\/p><p><strong>PROPIETAT INTEL\u00b7LECTUAL I INDUSTRIAL.<\/strong><\/p><p>En virtud de lo dispuesto en los art\u00edculos 8 y 32.1, p\u00e1rrafo segundo, de la Ley de Propiedad Intelectual, quedan expresamente prohibidas la reproducci\u00f3n, la distribuci\u00f3n y la comunicaci\u00f3n p\u00fablica, incluida su modalidad de puesta a disposici\u00f3n, de la totalidad o parte de los contenidos de esta p\u00e1gina web, con fines comerciales, en cualquier soporte y por cualquier medio t\u00e9cnico, sin la autorizaci\u00f3n de Tabicor. El usuario se compromete a respetar los derechos de Propiedad Intelectual e Industrial titularidad de Tabicor, S.A.<\/p><p>L'usuari coneix i accepta que la totalitat del lloc web, contenint sense car\u00e0cter exhaustiu el text, programari, continguts (incloent estructura, selecci\u00f3, ordenaci\u00f3 i presentaci\u00f3 dels mateixos) podcast, fotografies, material audiovisual i gr\u00e0fics, est\u00e0 protegida per marques, drets d'autor i altres drets leg\u00edtims, d'acord amb els tractats internacionals en els quals Espanya \u00e9s part i altres drets de propietat i lleis d'Espanya.<\/p><p>En el cas que un usuari o un tercer considerin que s'ha produ\u00eft una violaci\u00f3 dels seus leg\u00edtims drets de propietat intel\u00b7lectual per la introducci\u00f3 d'un determinat contingut a la web, haur\u00e0 de notificar aquesta circumst\u00e0ncia a Tabicor indicant:<\/p><ul><li>Dades personals de l'interessat titular dels drets presumptament infringits, o indicar la representaci\u00f3 amb la qual actua en cas que la reclamaci\u00f3 la present un tercer diferent de l'interessat.<\/li><li>Assenyalar els continguts protegits pels drets de propietat intel\u00b7lectual i la seva ubicaci\u00f3 a la web, l'acreditaci\u00f3 dels drets de propietat intel\u00b7lectual assenyalats i declaraci\u00f3 expressa en qu\u00e8 l'interessat es responsabilitza de la veracitat de les informacions facilitades en la notificaci\u00f3.<\/li><\/ul><p><strong>ENLLA\u00c7OS.\u00a0<\/strong><\/p><p>En el cas que en tabicor.com<strong>\u00a0<\/strong>es disposessin enlla\u00e7os o hipervincles cap a altres llocs d'Internet, Tabicor, SA no exercir\u00e0 cap tipus de control sobre aquests llocs i continguts. En cap cas Tabicor, SA assumir\u00e0 responsabilitat alguna pels continguts d'algun enlla\u00e7 pertanyent a un lloc web ali\u00e8.<\/p><p><strong>LIMITACI\u00d3 DE RESPONSABILITAT.\u00a0<\/strong><\/p><p>Tabicor, SA no atorga cap garantia ni es fa responsable, en cap cas, dels danys i perjudicis de qualsevol naturalesa que es puguin derivar de:<\/p><ul><li>La manca de disponibilitat, manteniment i efectiu funcionament del web, o dels seus serveis i continguts;<\/li><li>L'exist\u00e8ncia de malware, programes maliciosos o lesius en els continguts;<\/li><li>L'\u00fas il\u00b7l\u00edcit, negligent, fraudulent o contrari a aquest Av\u00eds Legal;<\/li><li>La falta de licitud, qualitat, fiabilitat, utilitat i disponibilitat dels serveis prestats per tercers i posats a disposici\u00f3 dels usuaris al lloc web.<\/li><li>El prestador no es fa responsable en cap concepte dels danys que poguessin dimanar de l'\u00fas il\u00b7legal o indegut de la present p\u00e0gina web.<\/li><\/ul><p><strong>LLEI APLICABLE I JURISDICCI\u00d3.\u00a0<\/strong><\/p><p>Amb car\u00e0cter general les relacions entre Tabicor, SA amb els usuaris dels seus serveis telem\u00e0tics, presents en aquesta web es troben sotmeses a la legislaci\u00f3 i jurisdicci\u00f3 espanyoles i als tribunals de Terrassa.\u00a0<\/p><p><strong>MODIFICACIONS I ACTUALITZACIONS.\u00a0<\/strong><\/p><p>Tabicor, SA es reserva la facultat d'efectuar, en qualsevol moment i sense necessitat de previ av\u00eds, modificacions i actualitzacions de la informaci\u00f3 continguda en la web, de la configuraci\u00f3, disponibilitat i presentaci\u00f3 d'aquesta.<\/p>\t\t\t\t\t\t\t\t<\/div>\n\t\t\t\t<\/div>\n\t\t\t\t\t<\/div>\n\t\t<\/div>\n\t\t\t\t\t<\/div>\n\t\t<\/section>\n\t\t\t\t<\/div>","protected":false},"excerpt":{"rendered":"<p>Aviso legal En cumplimiento de la Ley 34\/2002, de 11 de julio, de Servicios de la Sociedad de la Informaci\u00f3n y de Comercio Electr\u00f3nico, Tabicor, S.A. pone a disposici\u00f3n de los usuarios y los \u00f3rganos competentes la siguiente informaci\u00f3n: DATOS IDENTIFICATIVOS. Denominaci\u00f3n Social: Tabicor, S.A. \u00a0CIF A58519273 Sede Social: Eduard Marquina, 4 Local 08225 Terrassa [&hellip;]<\/p>","protected":false},"author":1,"featured_media":0,"parent":0,"menu_order":0,"comment_status":"closed","ping_status":"closed","template":"elementor_header_footer","meta":{"_exactmetrics_skip_tracking":false,"_exactmetrics_sitenote_active":false,"_exactmetrics_sitenote_note":"","_exactmetrics_sitenote_category":0,"footnotes":""},"class_list":["post-1143","page","type-page","status-publish","hentry","wpbf-post"],"yoast_head":"<!-- This site is optimized with the Yoast SEO plugin v25.1 - https:\/\/yoast.com\/wordpress\/plugins\/seo\/ -->\n<title>Aviso legal | Tabicor<\/title>\n<meta name=\"description\" content=\"Aviso Legal. En cumplimiento de la Ley 34\/2002, de 11 de julio, de Servicios de la Sociedad de la Informaci\u00f3n y de Comercio Electr\u00f3nico, Tabicor, S.A. pone a disposici\u00f3n de los usuarios y los \u00f3rganos competentes la siguiente informaci\u00f3n\" \/>\n<meta name=\"robots\" content=\"index, follow, max-snippet:-1, max-image-preview:large, max-video-preview:-1\" \/>\n<link rel=\"canonical\" href=\"https:\/\/www.tabicor.com\/ca\/aviso-legal\/\" \/>\n<meta property=\"og:locale\" content=\"ca_ES\" \/>\n<meta property=\"og:type\" content=\"article\" \/>\n<meta property=\"og:title\" content=\"Aviso legal | Tabicor\" \/>\n<meta property=\"og:description\" content=\"Aviso Legal. En cumplimiento de la Ley 34\/2002, de 11 de julio, de Servicios de la Sociedad de la Informaci\u00f3n y de Comercio Electr\u00f3nico, Tabicor, S.A. pone a disposici\u00f3n de los usuarios y los \u00f3rganos competentes la siguiente informaci\u00f3n\" \/>\n<meta property=\"og:url\" content=\"https:\/\/www.tabicor.com\/ca\/aviso-legal\/\" \/>\n<meta property=\"og:site_name\" content=\"Tabicor\" \/>\n<meta property=\"article:publisher\" content=\"https:\/\/www.facebook.com\/tabicor.sa\/\" \/>\n<meta property=\"article:modified_time\" content=\"2019-07-30T09:00:33+00:00\" \/>\n<meta property=\"og:image\" content=\"https:\/\/www.tabicor.com\/wp-content\/uploads\/2016\/04\/apple-touch-icon-1.png\" \/>\n\t<meta property=\"og:image:width\" content=\"129\" \/>\n\t<meta property=\"og:image:height\" content=\"129\" \/>\n\t<meta property=\"og:image:type\" content=\"image\/png\" \/>\n<meta name=\"twitter:card\" content=\"summary_large_image\" \/>\n<meta name=\"twitter:site\" content=\"@tabicor1\" \/>\n<meta name=\"twitter:label1\" content=\"Temps estimat de lectura\" \/>\n\t<meta name=\"twitter:data1\" content=\"4 minutes\" \/>\n<script type=\"application\/ld+json\" class=\"yoast-schema-graph\">{\"@context\":\"https:\/\/schema.org\",\"@graph\":[{\"@type\":\"WebPage\",\"@id\":\"https:\/\/www.tabicor.com\/aviso-legal\/\",\"url\":\"https:\/\/www.tabicor.com\/aviso-legal\/\",\"name\":\"Aviso legal | Tabicor\",\"isPartOf\":{\"@id\":\"https:\/\/www.tabicor.com\/#website\"},\"datePublished\":\"2018-11-09T08:53:52+00:00\",\"dateModified\":\"2019-07-30T09:00:33+00:00\",\"description\":\"Aviso Legal. En cumplimiento de la Ley 34\/2002, de 11 de julio, de Servicios de la Sociedad de la Informaci\u00f3n y de Comercio Electr\u00f3nico, Tabicor, S.A. pone a disposici\u00f3n de los usuarios y los \u00f3rganos competentes la siguiente informaci\u00f3n\",\"breadcrumb\":{\"@id\":\"https:\/\/www.tabicor.com\/aviso-legal\/#breadcrumb\"},\"inLanguage\":\"ca\",\"potentialAction\":[{\"@type\":\"ReadAction\",\"target\":[\"https:\/\/www.tabicor.com\/aviso-legal\/\"]}]},{\"@type\":\"BreadcrumbList\",\"@id\":\"https:\/\/www.tabicor.com\/aviso-legal\/#breadcrumb\",\"itemListElement\":[{\"@type\":\"ListItem\",\"position\":1,\"name\":\"Portada\",\"item\":\"https:\/\/www.tabicor.com\/\"},{\"@type\":\"ListItem\",\"position\":2,\"name\":\"Aviso legal\"}]},{\"@type\":\"WebSite\",\"@id\":\"https:\/\/www.tabicor.com\/#website\",\"url\":\"https:\/\/www.tabicor.com\/\",\"name\":\"Tabicor\",\"description\":\"Tabicor - Tabiques Pluviales - Revestimiento Antihumedad\",\"publisher\":{\"@id\":\"https:\/\/www.tabicor.com\/#organization\"},\"potentialAction\":[{\"@type\":\"SearchAction\",\"target\":{\"@type\":\"EntryPoint\",\"urlTemplate\":\"https:\/\/www.tabicor.com\/?s={search_term_string}\"},\"query-input\":{\"@type\":\"PropertyValueSpecification\",\"valueRequired\":true,\"valueName\":\"search_term_string\"}}],\"inLanguage\":\"ca\"},{\"@type\":\"Organization\",\"@id\":\"https:\/\/www.tabicor.com\/#organization\",\"name\":\"Tabicor, S.A.\",\"url\":\"https:\/\/www.tabicor.com\/\",\"logo\":{\"@type\":\"ImageObject\",\"inLanguage\":\"ca\",\"@id\":\"https:\/\/www.tabicor.com\/#\/schema\/logo\/image\/\",\"url\":\"https:\/\/www.tabicor.com\/wp-content\/uploads\/Logo-Tabicor.png\",\"contentUrl\":\"https:\/\/www.tabicor.com\/wp-content\/uploads\/Logo-Tabicor.png\",\"width\":500,\"height\":250,\"caption\":\"Tabicor, S.A.\"},\"image\":{\"@id\":\"https:\/\/www.tabicor.com\/#\/schema\/logo\/image\/\"},\"sameAs\":[\"https:\/\/www.facebook.com\/tabicor.sa\/\",\"https:\/\/x.com\/tabicor1\",\"https:\/\/www.linkedin.com\/company\/tabicor-s-a-\/\"]}]}<\/script>\n<!-- \/ Yoast SEO plugin. -->","yoast_head_json":{"title":"Aviso legal | Tabicor","description":"Aviso Legal. En cumplimiento de la Ley 34\/2002, de 11 de julio, de Servicios de la Sociedad de la Informaci\u00f3n y de Comercio Electr\u00f3nico, Tabicor, S.A. pone a disposici\u00f3n de los usuarios y los \u00f3rganos competentes la siguiente informaci\u00f3n","robots":{"index":"index","follow":"follow","max-snippet":"max-snippet:-1","max-image-preview":"max-image-preview:large","max-video-preview":"max-video-preview:-1"},"canonical":"https:\/\/www.tabicor.com\/ca\/aviso-legal\/","og_locale":"ca_ES","og_type":"article","og_title":"Aviso legal | Tabicor","og_description":"Aviso Legal. En cumplimiento de la Ley 34\/2002, de 11 de julio, de Servicios de la Sociedad de la Informaci\u00f3n y de Comercio Electr\u00f3nico, Tabicor, S.A. pone a disposici\u00f3n de los usuarios y los \u00f3rganos competentes la siguiente informaci\u00f3n","og_url":"https:\/\/www.tabicor.com\/ca\/aviso-legal\/","og_site_name":"Tabicor","article_publisher":"https:\/\/www.facebook.com\/tabicor.sa\/","article_modified_time":"2019-07-30T09:00:33+00:00","og_image":[{"width":129,"height":129,"url":"https:\/\/www.tabicor.com\/wp-content\/uploads\/2016\/04\/apple-touch-icon-1.png","type":"image\/png"}],"twitter_card":"summary_large_image","twitter_site":"@tabicor1","twitter_misc":{"Temps estimat de lectura":"4 minutes"},"schema":{"@context":"https:\/\/schema.org","@graph":[{"@type":"WebPage","@id":"https:\/\/www.tabicor.com\/aviso-legal\/","url":"https:\/\/www.tabicor.com\/aviso-legal\/","name":"Aviso legal | Tabicor","isPartOf":{"@id":"https:\/\/www.tabicor.com\/#website"},"datePublished":"2018-11-09T08:53:52+00:00","dateModified":"2019-07-30T09:00:33+00:00","description":"Aviso Legal. En cumplimiento de la Ley 34\/2002, de 11 de julio, de Servicios de la Sociedad de la Informaci\u00f3n y de Comercio Electr\u00f3nico, Tabicor, S.A. pone a disposici\u00f3n de los usuarios y los \u00f3rganos competentes la siguiente informaci\u00f3n","breadcrumb":{"@id":"https:\/\/www.tabicor.com\/aviso-legal\/#breadcrumb"},"inLanguage":"ca","potentialAction":[{"@type":"ReadAction","target":["https:\/\/www.tabicor.com\/aviso-legal\/"]}]},{"@type":"BreadcrumbList","@id":"https:\/\/www.tabicor.com\/aviso-legal\/#breadcrumb","itemListElement":[{"@type":"ListItem","position":1,"name":"Portada","item":"https:\/\/www.tabicor.com\/"},{"@type":"ListItem","position":2,"name":"Aviso legal"}]},{"@type":"WebSite","@id":"https:\/\/www.tabicor.com\/#website","url":"https:\/\/www.tabicor.com\/","name":"Tabicor","description":"Tabicor - Tabiques Pluviales - Revestimiento Antihumedad","publisher":{"@id":"https:\/\/www.tabicor.com\/#organization"},"potentialAction":[{"@type":"SearchAction","target":{"@type":"EntryPoint","urlTemplate":"https:\/\/www.tabicor.com\/?s={search_term_string}"},"query-input":{"@type":"PropertyValueSpecification","valueRequired":true,"valueName":"search_term_string"}}],"inLanguage":"ca"},{"@type":"Organization","@id":"https:\/\/www.tabicor.com\/#organization","name":"Tabicor, S.A.","url":"https:\/\/www.tabicor.com\/","logo":{"@type":"ImageObject","inLanguage":"ca","@id":"https:\/\/www.tabicor.com\/#\/schema\/logo\/image\/","url":"https:\/\/www.tabicor.com\/wp-content\/uploads\/Logo-Tabicor.png","contentUrl":"https:\/\/www.tabicor.com\/wp-content\/uploads\/Logo-Tabicor.png","width":500,"height":250,"caption":"Tabicor, S.A."},"image":{"@id":"https:\/\/www.tabicor.com\/#\/schema\/logo\/image\/"},"sameAs":["https:\/\/www.facebook.com\/tabicor.sa\/","https:\/\/x.com\/tabicor1","https:\/\/www.linkedin.com\/company\/tabicor-s-a-\/"]}]}},"_links":{"self":[{"href":"https:\/\/www.tabicor.com\/ca\/wp-json\/wp\/v2\/pages\/1143","targetHints":{"allow":["GET"]}}],"collection":[{"href":"https:\/\/www.tabicor.com\/ca\/wp-json\/wp\/v2\/pages"}],"about":[{"href":"https:\/\/www.tabicor.com\/ca\/wp-json\/wp\/v2\/types\/page"}],"author":[{"embeddable":true,"href":"https:\/\/www.tabicor.com\/ca\/wp-json\/wp\/v2\/users\/1"}],"replies":[{"embeddable":true,"href":"https:\/\/www.tabicor.com\/ca\/wp-json\/wp\/v2\/comments?post=1143"}],"version-history":[{"count":2,"href":"https:\/\/www.tabicor.com\/ca\/wp-json\/wp\/v2\/pages\/1143\/revisions"}],"predecessor-version":[{"id":3089,"href":"https:\/\/www.tabicor.com\/ca\/wp-json\/wp\/v2\/pages\/1143\/revisions\/3089"}],"wp:attachment":[{"href":"https:\/\/www.tabicor.com\/ca\/wp-json\/wp\/v2\/media?parent=1143"}],"curies":[{"name":"wp","href":"https:\/\/api.w.org\/{rel}","templated":true}]}}