{"id":1147,"date":"2018-11-09T08:55:45","date_gmt":"2018-11-09T08:55:45","guid":{"rendered":"https:\/\/www.tabicor.com\/?page_id=1147"},"modified":"2018-11-25T22:17:00","modified_gmt":"2018-11-25T22:17:00","slug":"politica-de-cookies","status":"publish","type":"page","link":"https:\/\/www.tabicor.com\/ca\/politica-de-cookies\/","title":{"rendered":"Pol\u00edtica de cookies"},"content":{"rendered":"<div data-elementor-type=\"wp-post\" data-elementor-id=\"1147\" class=\"elementor elementor-1147 elementor-bc-flex-widget\" data-elementor-post-type=\"page\">\n\t\t\t\t\t\t<section class=\"elementor-section elementor-top-section elementor-element elementor-element-e2d46b8 elementor-section-full_width elementor-section-height-default elementor-section-height-default\" data-id=\"e2d46b8\" data-element_type=\"section\" data-settings=\"{&quot;background_background&quot;:&quot;classic&quot;}\">\n\t\t\t\t\t\t<div class=\"elementor-container elementor-column-gap-default\">\n\t\t\t\t\t<div class=\"elementor-column elementor-col-100 elementor-top-column elementor-element elementor-element-5c3f1f3\" data-id=\"5c3f1f3\" data-element_type=\"column\" data-settings=\"{&quot;background_background&quot;:&quot;classic&quot;}\">\n\t\t\t<div class=\"elementor-widget-wrap elementor-element-populated\">\n\t\t\t\t\t<div class=\"elementor-background-overlay\"><\/div>\n\t\t\t\t\t\t<div class=\"elementor-element elementor-element-b496b6f elementor-widget elementor-widget-heading\" data-id=\"b496b6f\" data-element_type=\"widget\" data-widget_type=\"heading.default\">\n\t\t\t\t<div class=\"elementor-widget-container\">\n\t\t\t\t\t<h1 class=\"elementor-heading-title elementor-size-default\">Pol\u00edtica de cookies<\/h1>\t\t\t\t<\/div>\n\t\t\t\t<\/div>\n\t\t\t\t\t<\/div>\n\t\t<\/div>\n\t\t\t\t\t<\/div>\n\t\t<\/section>\n\t\t\t\t<section class=\"elementor-section elementor-top-section elementor-element elementor-element-d2da7e6 elementor-section-boxed elementor-section-height-default elementor-section-height-default\" data-id=\"d2da7e6\" data-element_type=\"section\">\n\t\t\t\t\t\t<div class=\"elementor-container elementor-column-gap-default\">\n\t\t\t\t\t<div class=\"elementor-column elementor-col-100 elementor-top-column elementor-element elementor-element-5ca9cf3\" data-id=\"5ca9cf3\" data-element_type=\"column\">\n\t\t\t<div class=\"elementor-widget-wrap elementor-element-populated\">\n\t\t\t\t\t\t<div class=\"elementor-element elementor-element-8f9edae elementor-widget elementor-widget-text-editor\" data-id=\"8f9edae\" data-element_type=\"widget\" data-widget_type=\"text-editor.default\">\n\t\t\t\t<div class=\"elementor-widget-container\">\n\t\t\t\t\t\t\t\t\t<h2 class=\"module_heading\">\u00a0<\/h2><h2 class=\"module_heading\">POL\u00cdTICA DE COOKIES<\/h2><div class=\"module_inner\"><ol><li><strong>Qu\u00e8 s\u00f3n les galetes?<\/strong>Una galeta \u00e9s un petit fitxer que es descarrega al seu terminal (ja sigui un ordinador, tel\u00e8fon intel\u00b7ligent o tauleta) quan accedeix a una p\u00e0gina web o utilitza una aplicaci\u00f3 i que permet al titular de la p\u00e0gina emmagatzemar o recuperar informaci\u00f3 sobre aspectes de la seva navegaci\u00f3 . Des Tabicor, SA volem oferir-li la informaci\u00f3 necess\u00e0ria sobre les cookies utilitzades en el lloc web i \/ o l'Aplicaci\u00f3, perqu\u00e8 vost\u00e8 tingui plena capacitat de decisi\u00f3 sobre l'\u00fas de les mateixes i pel que fa a la protecci\u00f3 de la seva privacitat.<\/li><li><strong>Qu\u00e8 galetes utilitzem?\u00a0<\/strong>Utilitzem cookies amb la finalitat de possibilitar, personalitzar i analitzar la navegaci\u00f3, millorant la qualitat dels serveis oferts. Les cookies utilitzades es classifiquen en diverses categories, si b\u00e9 una galeta pot estar inclosa en m\u00e9s d'una categoria:<ul><li><strong>Galetes de sessi\u00f3:<\/strong> s\u00f3n cookies temporals que no s'emmagatzemen en el seu terminal, sin\u00f3 que desapareixen quan finalitza la sessi\u00f3 de navegaci\u00f3.<\/li><li><strong>Galetes persistents:<\/strong> s\u00f3n aquelles que permeten que les dades romanguin en el seu terminal i puguin ser tractats m\u00e9s enll\u00e0 de la finalitzaci\u00f3 de la sessi\u00f3.<\/li><li><strong>Galetes pr\u00f2pies:<\/strong> s\u00f3n aquelles que s'envien al seu terminal des del Lloc Web i \/ o l'Aplicaci\u00f3, si b\u00e9 algunes d'elles s\u00f3n proporcionades per l'eina Google Analytics.<\/li><li><strong>Galetes t\u00e8cniques:<\/strong> s\u00f3n galetes que possibiliten la navegaci\u00f3 a trav\u00e9s del lloc web i \/ o l'Aplicaci\u00f3 i la utilitzaci\u00f3 de les seves opcions o serveis, com ara les que permeten controlar el tr\u00e0nsit i la comunicaci\u00f3 de dades, identificar la sessi\u00f3, accedir a \u00e0rees d'acc\u00e9s restringit o utilitzar elements de seguretat durant la navegaci\u00f3.<\/li><li><strong>Galetes de personalitzaci\u00f3:<\/strong> s\u00f3n aquelles, que li permeten accedir al Lloc Web i \/ o l'Aplicaci\u00f3 amb algunes caracter\u00edstiques predefinides en funci\u00f3 de criteris com ara l'idioma, el tipus de navegador o la configuraci\u00f3 regional des d'on s'accedeix al servei.<\/li><li><strong>Galetes anal\u00edtiques:<\/strong> s\u00f3n galetes utilitzades per al seguiment i an\u00e0lisi del comportament dels usuaris. Aquest tipus de galetes ens permet mesurar l'activitat en el Lloc Web i \/ o l'Aplicaci\u00f3 a trav\u00e9s d'informaci\u00f3 agregada o de car\u00e0cter estad\u00edstic sobre els h\u00e0bits de navegaci\u00f3n.Utilizamos cookies anal\u00edtiques, algunes de les quals s\u00f3n proporcionades per l'eina Google Analytics (<a href=\"https:\/\/www.google.com\/intl\/es_es\/policies\/technologies\/cookies\/\">https:\/\/www.google.com\/intl\/es_es\/policies\/technologies\/cookies\/<\/a>) I l'eina de generaci\u00f3 de mapes de calor (representaci\u00f3 gr\u00e0fica del comportament dels usuaris en un web) de Hotjar Ltd (<a href=\"https:\/\/www.hotjar.com\/legal\/policies\/cookie-information\">https:\/\/www.hotjar.com\/legal\/policies\/cookie-information<\/a>).<\/li><\/ul><\/li><li><strong>Qui utilitza les galetes?\u00a0<\/strong>La informaci\u00f3 que es recull a trav\u00e9s de les galetes descarregades des del domini gestionat per Tabicor, SA, \u00e9s utilitzada per la Tabicor, SA i per Google Inc, mentre prestadors dels serveis d'an\u00e0lisi.<\/li><li><strong>Com pot gestionar les galetes?\u00a0<\/strong>Quan l'usuari accedeix per primera vegada al Lloc Web \u00e9s informat de l'exist\u00e8ncia de cookies i d'aquesta Pol\u00edtica de Cookies. Si continua navegant s'ent\u00e9n que consent la instal\u00b7laci\u00f3 de les cookies informades. Posteriorment, l'usuari pot consultar la present Pol\u00edtica des de l'enlla\u00e7 habilitat a l'efecte. Si desitg\u00e9s retirar en qualsevol moment el seu consentiment en relaci\u00f3 amb les galetes del f\u00f2rum web, haur\u00e0 d'eliminar les galetes emmagatzemades en el seu terminal. Tanmateix, l'informem que si impedeix la instal\u00b7laci\u00f3 o elimina les galetes, algunes funcionalitats, serveis i continguts del lloc web es poden veure afectados.Los navegadors d'Internet permeten visualitzar, desactivar, restringir, bloquejar o eliminar les cookies.<\/li><\/ol><p>A continuaci\u00f3 es mostra com pot configurar les galetes en els principals navegadors, si b\u00e9 us recomanem que consulteu el Suport o l'Ajuda del seu navegador per obtenir informaci\u00f3 detallada i actualitzada en funci\u00f3 de la versi\u00f3 del seu navegador i el terminal utilitzat:<\/p><ul><li><strong>Internet Explorer<\/strong>Eines -&gt; Opcions d'Internet -&gt; Privacitat -&gt; Configuraci\u00f3.<\/li><\/ul><p>Per a m\u00e9s informaci\u00f3, pot consultar el\u00a0<a href=\"https:\/\/windows.microsoft.com\/es-ES\/windows\/support\">suport de Microsoft<\/a>\u00a0o l'Ajuda del navegador.<\/p><ul><li><strong>Firefox<\/strong>Eines -&gt; Opcions -&gt; Privadesa -&gt; Hist\u00f2ric -&gt; Configuraci\u00f3 Personalitzada.<\/li><\/ul><p>Per a m\u00e9s informaci\u00f3, pot consultar el\u00a0<a href=\"https:\/\/support.mozilla.org\/es\/home\">suport de Mozilla<\/a>\u00a0o l'Ajuda del navegador.<\/p><ul><li><strong>Chrome<\/strong>Configuraci\u00f3 -&gt; Mostra opcions avan\u00e7ades -&gt; Privadesa -&gt; Configuraci\u00f3 de contingut.<\/li><\/ul><p>Per a m\u00e9s informaci\u00f3, pot consultar el\u00a0<a href=\"https:\/\/support.google.com\/chrome\/?hl=es\">suport de Google<\/a>\u00a0o l'Ajuda del navegador.<\/p><ul><li><strong>Safari<\/strong>Prefer\u00e8ncies -&gt; Seguretat.<\/li><\/ul><p>Per a m\u00e9s informaci\u00f3, pot consultar el\u00a0<a href=\"https:\/\/www.apple.com\/es\/support\/safari\/\">suport d'Apple<\/a>\u00a0o l'Ajuda del navegador.<\/p><p>Aix\u00ed mateix, l'informem que alguns navegadors permeten activar un mode privat o inc\u00f2gnit de navegaci\u00f3 en virtut del qual les galetes s'instal\u00b7len al terminal per\u00f2 s'eliminen de manera autom\u00e0tica quan finalitza la sessi\u00f3 de navegaci\u00f3.<\/p><\/div>\t\t\t\t\t\t\t\t<\/div>\n\t\t\t\t<\/div>\n\t\t\t\t\t<\/div>\n\t\t<\/div>\n\t\t\t\t\t<\/div>\n\t\t<\/section>\n\t\t\t\t<\/div>","protected":false},"excerpt":{"rendered":"<p>Pol\u00edtica de cookies \u00a0 POL\u00cdTICA DE COOKIES \u00bfQu\u00e9 son las cookies?Una cookie es un peque\u00f1o fichero que se descarga en su terminal (ya sea un ordenador, tel\u00e9fono inteligente o tableta) cuando accede a una p\u00e1gina web o utiliza una aplicaci\u00f3n y que permite al titular de la p\u00e1gina almacenar o recuperar informaci\u00f3n sobre aspectos de [&hellip;]<\/p>","protected":false},"author":1,"featured_media":0,"parent":0,"menu_order":0,"comment_status":"closed","ping_status":"closed","template":"elementor_header_footer","meta":{"_exactmetrics_skip_tracking":false,"_exactmetrics_sitenote_active":false,"_exactmetrics_sitenote_note":"","_exactmetrics_sitenote_category":0,"footnotes":""},"class_list":["post-1147","page","type-page","status-publish","hentry","wpbf-post"],"yoast_head":"<!-- This site is optimized with the Yoast SEO plugin v25.1 - https:\/\/yoast.com\/wordpress\/plugins\/seo\/ -->\n<title>Pol\u00edtica de cookies | Tabicor<\/title>\n<meta name=\"description\" content=\"En Tabicor valoramos su privacidad. Consulte nuestra pol\u00edtica de cookies.\" \/>\n<meta name=\"robots\" content=\"index, follow, max-snippet:-1, max-image-preview:large, max-video-preview:-1\" \/>\n<link rel=\"canonical\" href=\"https:\/\/www.tabicor.com\/ca\/politica-de-cookies\/\" \/>\n<meta property=\"og:locale\" content=\"ca_ES\" \/>\n<meta property=\"og:type\" content=\"article\" \/>\n<meta property=\"og:title\" content=\"Pol\u00edtica de cookies | Tabicor\" \/>\n<meta property=\"og:description\" content=\"En Tabicor valoramos su privacidad. Consulte nuestra pol\u00edtica de cookies.\" \/>\n<meta property=\"og:url\" content=\"https:\/\/www.tabicor.com\/ca\/politica-de-cookies\/\" \/>\n<meta property=\"og:site_name\" content=\"Tabicor\" \/>\n<meta property=\"article:publisher\" content=\"https:\/\/www.facebook.com\/tabicor.sa\/\" \/>\n<meta property=\"article:modified_time\" content=\"2018-11-25T22:17:00+00:00\" \/>\n<meta property=\"og:image\" content=\"https:\/\/www.tabicor.com\/wp-content\/uploads\/2016\/04\/apple-touch-icon-1.png\" \/>\n\t<meta property=\"og:image:width\" content=\"129\" \/>\n\t<meta property=\"og:image:height\" content=\"129\" \/>\n\t<meta property=\"og:image:type\" content=\"image\/png\" \/>\n<meta name=\"twitter:card\" content=\"summary_large_image\" \/>\n<meta name=\"twitter:site\" content=\"@tabicor1\" \/>\n<meta name=\"twitter:label1\" content=\"Temps estimat de lectura\" \/>\n\t<meta name=\"twitter:data1\" content=\"4 minutes\" \/>\n<script type=\"application\/ld+json\" class=\"yoast-schema-graph\">{\"@context\":\"https:\/\/schema.org\",\"@graph\":[{\"@type\":\"WebPage\",\"@id\":\"https:\/\/www.tabicor.com\/politica-de-cookies\/\",\"url\":\"https:\/\/www.tabicor.com\/politica-de-cookies\/\",\"name\":\"Pol\u00edtica de cookies | Tabicor\",\"isPartOf\":{\"@id\":\"https:\/\/www.tabicor.com\/#website\"},\"datePublished\":\"2018-11-09T08:55:45+00:00\",\"dateModified\":\"2018-11-25T22:17:00+00:00\",\"description\":\"En Tabicor valoramos su privacidad. Consulte nuestra pol\u00edtica de cookies.\",\"breadcrumb\":{\"@id\":\"https:\/\/www.tabicor.com\/politica-de-cookies\/#breadcrumb\"},\"inLanguage\":\"ca\",\"potentialAction\":[{\"@type\":\"ReadAction\",\"target\":[\"https:\/\/www.tabicor.com\/politica-de-cookies\/\"]}]},{\"@type\":\"BreadcrumbList\",\"@id\":\"https:\/\/www.tabicor.com\/politica-de-cookies\/#breadcrumb\",\"itemListElement\":[{\"@type\":\"ListItem\",\"position\":1,\"name\":\"Portada\",\"item\":\"https:\/\/www.tabicor.com\/\"},{\"@type\":\"ListItem\",\"position\":2,\"name\":\"Pol\u00edtica de cookies\"}]},{\"@type\":\"WebSite\",\"@id\":\"https:\/\/www.tabicor.com\/#website\",\"url\":\"https:\/\/www.tabicor.com\/\",\"name\":\"Tabicor\",\"description\":\"Tabicor - Tabiques Pluviales - Revestimiento Antihumedad\",\"publisher\":{\"@id\":\"https:\/\/www.tabicor.com\/#organization\"},\"potentialAction\":[{\"@type\":\"SearchAction\",\"target\":{\"@type\":\"EntryPoint\",\"urlTemplate\":\"https:\/\/www.tabicor.com\/?s={search_term_string}\"},\"query-input\":{\"@type\":\"PropertyValueSpecification\",\"valueRequired\":true,\"valueName\":\"search_term_string\"}}],\"inLanguage\":\"ca\"},{\"@type\":\"Organization\",\"@id\":\"https:\/\/www.tabicor.com\/#organization\",\"name\":\"Tabicor, S.A.\",\"url\":\"https:\/\/www.tabicor.com\/\",\"logo\":{\"@type\":\"ImageObject\",\"inLanguage\":\"ca\",\"@id\":\"https:\/\/www.tabicor.com\/#\/schema\/logo\/image\/\",\"url\":\"https:\/\/www.tabicor.com\/wp-content\/uploads\/Logo-Tabicor.png\",\"contentUrl\":\"https:\/\/www.tabicor.com\/wp-content\/uploads\/Logo-Tabicor.png\",\"width\":500,\"height\":250,\"caption\":\"Tabicor, S.A.\"},\"image\":{\"@id\":\"https:\/\/www.tabicor.com\/#\/schema\/logo\/image\/\"},\"sameAs\":[\"https:\/\/www.facebook.com\/tabicor.sa\/\",\"https:\/\/x.com\/tabicor1\",\"https:\/\/www.linkedin.com\/company\/tabicor-s-a-\/\"]}]}<\/script>\n<!-- \/ Yoast SEO plugin. -->","yoast_head_json":{"title":"Pol\u00edtica de cookies | Tabicor","description":"En Tabicor valoramos su privacidad. Consulte nuestra pol\u00edtica de cookies.","robots":{"index":"index","follow":"follow","max-snippet":"max-snippet:-1","max-image-preview":"max-image-preview:large","max-video-preview":"max-video-preview:-1"},"canonical":"https:\/\/www.tabicor.com\/ca\/politica-de-cookies\/","og_locale":"ca_ES","og_type":"article","og_title":"Pol\u00edtica de cookies | Tabicor","og_description":"En Tabicor valoramos su privacidad. Consulte nuestra pol\u00edtica de cookies.","og_url":"https:\/\/www.tabicor.com\/ca\/politica-de-cookies\/","og_site_name":"Tabicor","article_publisher":"https:\/\/www.facebook.com\/tabicor.sa\/","article_modified_time":"2018-11-25T22:17:00+00:00","og_image":[{"width":129,"height":129,"url":"https:\/\/www.tabicor.com\/wp-content\/uploads\/2016\/04\/apple-touch-icon-1.png","type":"image\/png"}],"twitter_card":"summary_large_image","twitter_site":"@tabicor1","twitter_misc":{"Temps estimat de lectura":"4 minutes"},"schema":{"@context":"https:\/\/schema.org","@graph":[{"@type":"WebPage","@id":"https:\/\/www.tabicor.com\/politica-de-cookies\/","url":"https:\/\/www.tabicor.com\/politica-de-cookies\/","name":"Pol\u00edtica de cookies | Tabicor","isPartOf":{"@id":"https:\/\/www.tabicor.com\/#website"},"datePublished":"2018-11-09T08:55:45+00:00","dateModified":"2018-11-25T22:17:00+00:00","description":"En Tabicor valoramos su privacidad. Consulte nuestra pol\u00edtica de cookies.","breadcrumb":{"@id":"https:\/\/www.tabicor.com\/politica-de-cookies\/#breadcrumb"},"inLanguage":"ca","potentialAction":[{"@type":"ReadAction","target":["https:\/\/www.tabicor.com\/politica-de-cookies\/"]}]},{"@type":"BreadcrumbList","@id":"https:\/\/www.tabicor.com\/politica-de-cookies\/#breadcrumb","itemListElement":[{"@type":"ListItem","position":1,"name":"Portada","item":"https:\/\/www.tabicor.com\/"},{"@type":"ListItem","position":2,"name":"Pol\u00edtica de cookies"}]},{"@type":"WebSite","@id":"https:\/\/www.tabicor.com\/#website","url":"https:\/\/www.tabicor.com\/","name":"Tabicor","description":"Tabicor - Tabiques Pluviales - Revestimiento Antihumedad","publisher":{"@id":"https:\/\/www.tabicor.com\/#organization"},"potentialAction":[{"@type":"SearchAction","target":{"@type":"EntryPoint","urlTemplate":"https:\/\/www.tabicor.com\/?s={search_term_string}"},"query-input":{"@type":"PropertyValueSpecification","valueRequired":true,"valueName":"search_term_string"}}],"inLanguage":"ca"},{"@type":"Organization","@id":"https:\/\/www.tabicor.com\/#organization","name":"Tabicor, S.A.","url":"https:\/\/www.tabicor.com\/","logo":{"@type":"ImageObject","inLanguage":"ca","@id":"https:\/\/www.tabicor.com\/#\/schema\/logo\/image\/","url":"https:\/\/www.tabicor.com\/wp-content\/uploads\/Logo-Tabicor.png","contentUrl":"https:\/\/www.tabicor.com\/wp-content\/uploads\/Logo-Tabicor.png","width":500,"height":250,"caption":"Tabicor, S.A."},"image":{"@id":"https:\/\/www.tabicor.com\/#\/schema\/logo\/image\/"},"sameAs":["https:\/\/www.facebook.com\/tabicor.sa\/","https:\/\/x.com\/tabicor1","https:\/\/www.linkedin.com\/company\/tabicor-s-a-\/"]}]}},"_links":{"self":[{"href":"https:\/\/www.tabicor.com\/ca\/wp-json\/wp\/v2\/pages\/1147","targetHints":{"allow":["GET"]}}],"collection":[{"href":"https:\/\/www.tabicor.com\/ca\/wp-json\/wp\/v2\/pages"}],"about":[{"href":"https:\/\/www.tabicor.com\/ca\/wp-json\/wp\/v2\/types\/page"}],"author":[{"embeddable":true,"href":"https:\/\/www.tabicor.com\/ca\/wp-json\/wp\/v2\/users\/1"}],"replies":[{"embeddable":true,"href":"https:\/\/www.tabicor.com\/ca\/wp-json\/wp\/v2\/comments?post=1147"}],"version-history":[{"count":0,"href":"https:\/\/www.tabicor.com\/ca\/wp-json\/wp\/v2\/pages\/1147\/revisions"}],"wp:attachment":[{"href":"https:\/\/www.tabicor.com\/ca\/wp-json\/wp\/v2\/media?parent=1147"}],"curies":[{"name":"wp","href":"https:\/\/api.w.org\/{rel}","templated":true}]}}